{"id":23454,"date":"2023-11-23T14:08:45","date_gmt":"2023-11-23T14:08:45","guid":{"rendered":"https:\/\/finpath.keydesign.xyz\/business-consulting\/?page_id=23454"},"modified":"2023-11-23T14:08:45","modified_gmt":"2023-11-23T14:08:45","slug":"hakkimizda","status":"publish","type":"page","link":"https:\/\/ledekrankiralama.com\/index.php\/hakkimizda\/","title":{"rendered":"Hakk\u0131m\u0131zda"},"content":{"rendered":"\t\t<div data-elementor-type=\"wp-page\" data-elementor-id=\"23454\" class=\"elementor elementor-23454\">\n\t\t\t\t<div class=\"elementor-element elementor-element-a6166dc e-flex e-con-boxed e-con e-parent\" data-id=\"a6166dc\" data-element_type=\"container\" data-settings=\"{&quot;background_background&quot;:&quot;classic&quot;}\">\n\t\t\t\t\t<div class=\"e-con-inner\">\n\t\t<div class=\"elementor-element elementor-element-9d7db14 e-con-full e-flex e-con e-child\" data-id=\"9d7db14\" data-element_type=\"container\">\n\t\t\t\t<div class=\"elementor-element elementor-element-533f2ad animated-fast elementor-invisible elementor-widget elementor-widget-elementskit-heading\" data-id=\"533f2ad\" data-element_type=\"widget\" data-settings=\"{&quot;ekit_we_effect_on&quot;:&quot;css&quot;,&quot;_animation&quot;:&quot;fadeIn&quot;,&quot;_animation_delay&quot;:100}\" data-widget_type=\"elementskit-heading.default\">\n\t\t\t\t<div class=\"elementor-widget-container\">\n\t\t\t<div class=\"ekit-wid-con\" ><div class=\"ekit-heading elementskit-section-title-wraper text_center   ekit_heading_tablet-   ekit_heading_mobile-\"><h1 class=\"ekit-heading--title elementskit-section-title \">Hakk\u0131m\u0131zda<\/h1>\t\t\t\t<div class='ekit-heading__description'>\n\t\t\t\t\t<p>Teknolojinin ilerlemesiyle birlikte h\u0131zla geli\u015fen g\u00f6r\u00fcnt\u00fc sistemleri i\u00e7in profesyonel\u00a0Led Ekran, Led Wall, Poster Led Kiralama\u00a0hizmeti veriyoruz.<\/p>\n\t\t\t\t<\/div>\n\t\t\t<\/div><\/div>\t\t<\/div>\n\t\t\t\t<\/div>\n\t\t\t\t<div class=\"elementor-element elementor-element-67139f5 animated-fast elementor-invisible elementor-widget elementor-widget-elementskit-breadcrumb\" data-id=\"67139f5\" data-element_type=\"widget\" data-settings=\"{&quot;_animation&quot;:&quot;fadeIn&quot;,&quot;_animation_delay&quot;:100,&quot;ekit_we_effect_on&quot;:&quot;none&quot;}\" data-widget_type=\"elementskit-breadcrumb.default\">\n\t\t\t\t<div class=\"elementor-widget-container\">\n\t\t\t<div class=\"ekit-wid-con\" ><ol class=\"ekit-breadcrumb\"><li class=\"ekit_breadcrumbs_start\"><a href=\"https:\/\/ledekrankiralama.com\">Home<\/a><\/li><\/ol><\/div>\t\t<\/div>\n\t\t\t\t<\/div>\n\t\t\t\t<\/div>\n\t\t\t\t\t<\/div>\n\t\t\t\t<\/div>\n\t\t<div class=\"elementor-element elementor-element-4eb9290 e-flex e-con-boxed e-con e-parent\" data-id=\"4eb9290\" data-element_type=\"container\" data-settings=\"{&quot;background_background&quot;:&quot;classic&quot;}\">\n\t\t\t\t\t<div class=\"e-con-inner\">\n\t\t<div class=\"elementor-element elementor-element-e1c1a20 e-con-full e-flex e-con e-child\" data-id=\"e1c1a20\" data-element_type=\"container\">\n\t\t<div class=\"elementor-element elementor-element-241a231 e-con-full animated-fast e-flex elementor-invisible e-con e-child\" data-id=\"241a231\" data-element_type=\"container\" data-settings=\"{&quot;background_background&quot;:&quot;classic&quot;,&quot;animation&quot;:&quot;fadeInUp&quot;,&quot;animation_delay&quot;:100}\">\n\t\t<div class=\"elementor-element elementor-element-e079e84 e-con-full e-flex e-con e-child\" data-id=\"e079e84\" data-element_type=\"container\" data-settings=\"{&quot;background_background&quot;:&quot;classic&quot;}\">\n\t\t<div class=\"elementor-element elementor-element-15ea492 e-con-full e-flex e-con e-child\" data-id=\"15ea492\" data-element_type=\"container\">\n\t\t\t\t<div class=\"elementor-element elementor-element-903f9b4 animated-fast elementor-invisible elementor-widget elementor-widget-elementskit-heading\" data-id=\"903f9b4\" data-element_type=\"widget\" data-settings=\"{&quot;_animation&quot;:&quot;fadeIn&quot;,&quot;ekit_we_effect_on&quot;:&quot;css&quot;,&quot;_animation_delay&quot;:100}\" data-widget_type=\"elementskit-heading.default\">\n\t\t\t\t<div class=\"elementor-widget-container\">\n\t\t\t<div class=\"ekit-wid-con\" ><div class=\"ekit-heading elementskit-section-title-wraper text_left   ekit_heading_tablet-   ekit_heading_mobile-\"><h2 class=\"ekit-heading--title elementskit-section-title \">INCH ileti\u015fim<\/h2><\/div><\/div>\t\t<\/div>\n\t\t\t\t<\/div>\n\t\t<div class=\"elementor-element elementor-element-ee481ed e-con-full e-flex e-con e-child\" data-id=\"ee481ed\" data-element_type=\"container\">\n\t\t\t\t<div class=\"elementor-element elementor-element-b231a49 animated-fast elementor-invisible elementor-widget elementor-widget-elementskit-heading\" data-id=\"b231a49\" data-element_type=\"widget\" data-settings=\"{&quot;_animation&quot;:&quot;fadeIn&quot;,&quot;ekit_we_effect_on&quot;:&quot;css&quot;,&quot;_animation_delay&quot;:200}\" data-widget_type=\"elementskit-heading.default\">\n\t\t\t\t<div class=\"elementor-widget-container\">\n\t\t\t<div class=\"ekit-wid-con\" ><div class=\"ekit-heading elementskit-section-title-wraper text_left   ekit_heading_tablet-   ekit_heading_mobile-\">\t\t\t\t<div class='ekit-heading__description'>\n\t\t\t\t\t<p>2005 Y\u0131l\u0131nda Sizlere daha iyi, daha farkl\u0131, daha kaliteli hizmetler sunmak i\u00e7in Hasan DA\u011eLI \u00f6nderli\u011finde bir araya geldik.<\/p>\n<p>\u00a0<\/p>\n<p>Teknik Ekipman kiralama ve teknik prod\u00fcksiyona ihtiya\u00e7 duyaca\u011f\u0131n\u0131z t\u00fcm organizasyonlarda tek elden \u00e7\u00f6z\u00fcm sunma gayesi ile kurulan \u0130nCH \u0130leti\u015fim profesyonel kadrosu ve g\u00fcn\u00fcm\u00fcz teknolojisinin imkan verdi\u011fi en kaliteli \u00fcr\u00fcn sto\u011fu ile hizmet vermektedir.\u00a0<\/p>\n\t\t\t\t<\/div>\n\t\t\t<\/div><\/div>\t\t<\/div>\n\t\t\t\t<\/div>\n\t\t\t\t<\/div>\n\t\t\t\t<\/div>\n\t\t\t\t<\/div>\n\t\t<div class=\"elementor-element elementor-element-5eefd7f e-con-full e-flex e-con e-child\" data-id=\"5eefd7f\" data-element_type=\"container\" data-settings=\"{&quot;background_background&quot;:&quot;classic&quot;}\">\n\t\t\t\t<\/div>\n\t\t\t\t<\/div>\n\t\t\t\t<\/div>\n\t\t\t\t\t<\/div>\n\t\t\t\t<\/div>\n\t\t<div class=\"elementor-element elementor-element-bf026e5 e-flex e-con-boxed e-con e-parent\" data-id=\"bf026e5\" data-element_type=\"container\">\n\t\t\t\t\t<div class=\"e-con-inner\">\n\t\t<div class=\"elementor-element elementor-element-7a91f41 e-con-full e-flex e-con e-child\" data-id=\"7a91f41\" data-element_type=\"container\">\n\t\t<div class=\"elementor-element elementor-element-bae8b2f e-con-full e-flex e-con e-child\" data-id=\"bae8b2f\" data-element_type=\"container\">\n\t\t\t\t<div class=\"elementor-element elementor-element-a1e8c0c animated-fast elementor-invisible elementor-widget elementor-widget-elementskit-heading\" data-id=\"a1e8c0c\" data-element_type=\"widget\" data-settings=\"{&quot;_animation&quot;:&quot;fadeIn&quot;,&quot;ekit_we_effect_on&quot;:&quot;css&quot;,&quot;_animation_delay&quot;:200}\" data-widget_type=\"elementskit-heading.default\">\n\t\t\t\t<div class=\"elementor-widget-container\">\n\t\t\t<div class=\"ekit-wid-con\" ><div class=\"ekit-heading elementskit-section-title-wraper text_left   ekit_heading_tablet-   ekit_heading_mobile-\">\t\t\t\t<div class='ekit-heading__description'>\n\t\t\t\t\t<p>G\u00fcvenilir ve d\u00fcr\u00fcst \u00e7al\u0131\u015fma politikas\u0131 ile, kaliteli m\u00fchendislik hizmetleri verme temeliyle faaliyetlerini s\u00fcrd\u00fcren \u0130nCH \u0130leti\u015fim, t\u00fcm m\u00fc\u015fterilerinin hedeflerini kendi hedefleri olarak benimsemekte, sonuca ula\u015ft\u0131rmakta, etkili ve kal\u0131c\u0131 \u00e7\u00f6z\u00fcmler sunmaktad\u0131r.<br \/>\n<br \/>\nInCH \u0130leti\u015fim, organizasyonlar\u0131n\u0131za bug\u00fcne kadar kar\u015f\u0131la\u015fmad\u0131\u011f\u0131n\u0131z; \u00f6zen, h\u0131z, kalite, profesyonel destek ve estetik bir sunum katacakt\u0131r.<\/p>\n<p>Projenizi bizim tecr\u00fcbemize b\u0131rak\u0131n, rahat edin.<\/p>\n\t\t\t\t<\/div>\n\t\t\t<\/div><\/div>\t\t<\/div>\n\t\t\t\t<\/div>\n\t\t\t\t<\/div>\n\t\t\t\t<\/div>\n\t\t\t\t\t<\/div>\n\t\t\t\t<\/div>\n\t\t<div class=\"elementor-element elementor-element-a6c6d84 e-flex e-con-boxed e-con e-parent\" data-id=\"a6c6d84\" data-element_type=\"container\" data-settings=\"{&quot;background_background&quot;:&quot;classic&quot;}\">\n\t\t\t\t\t<div class=\"e-con-inner\">\n\t\t<div class=\"elementor-element elementor-element-6f49bdf e-con-full e-flex e-con e-child\" data-id=\"6f49bdf\" data-element_type=\"container\">\n\t\t<div class=\"elementor-element elementor-element-c14d46d e-con-full e-flex e-con e-child\" data-id=\"c14d46d\" data-element_type=\"container\">\n\t\t\t\t<div class=\"elementor-element elementor-element-e6381f3 animated-fast ekit-equal-height-disable elementor-invisible elementor-widget elementor-widget-elementskit-icon-box\" data-id=\"e6381f3\" data-element_type=\"widget\" data-settings=\"{&quot;_animation&quot;:&quot;fadeInUp&quot;,&quot;_animation_delay&quot;:100,&quot;ekit_we_effect_on&quot;:&quot;none&quot;}\" data-widget_type=\"elementskit-icon-box.default\">\n\t\t\t\t<div class=\"elementor-widget-container\">\n\t\t\t<div class=\"ekit-wid-con\" >        <!-- link opening -->\n                <a href=\"#\" class=\"ekit_global_links\">\n                <!-- end link opening -->\n\n        <div class=\"elementskit-infobox text-left text- icon-lef-right-aligin elementor-animation-   \">\n                        <div class=\"box-body\">\n                            <h5 class=\"elementskit-info-box-title\">\n                    Vizyon                <\/h5>\n                        \t\t  <p>\u0130nCH \u0130leti\u015fim, ileti\u015fim ve organizasyon alan\u0131nda sekt\u00f6r\u00fcn \u00f6nc\u00fc firmas\u0131 olmay\u0131, yenilik\u00e7i ve kaliteli hizmet anlay\u0131\u015f\u0131yla m\u00fc\u015fteri memnuniyetini en \u00fcst seviyeye \u00e7\u0131karmay\u0131 hedeflemektedir. Teknolojiyi etkin bir \u015fekilde kullanarak, her projede m\u00fckemmel sonu\u00e7lar elde etmeyi ve g\u00fcvenilir bir i\u015f orta\u011f\u0131 olmay\u0131 ama\u00e7l\u0131yoruz.\n<\/p>\n                                <\/div>\n        \n        \n                <\/div>\n                <\/a>\n        <\/div>\t\t<\/div>\n\t\t\t\t<\/div>\n\t\t\t\t<\/div>\n\t\t<div class=\"elementor-element elementor-element-7edd7fe e-con-full e-flex e-con e-child\" data-id=\"7edd7fe\" data-element_type=\"container\">\n\t\t\t\t<div class=\"elementor-element elementor-element-6dfc68d animated-fast ekit-equal-height-disable elementor-invisible elementor-widget elementor-widget-elementskit-icon-box\" data-id=\"6dfc68d\" data-element_type=\"widget\" data-settings=\"{&quot;_animation&quot;:&quot;fadeInUp&quot;,&quot;_animation_delay&quot;:100,&quot;ekit_we_effect_on&quot;:&quot;none&quot;}\" data-widget_type=\"elementskit-icon-box.default\">\n\t\t\t\t<div class=\"elementor-widget-container\">\n\t\t\t<div class=\"ekit-wid-con\" >        <!-- link opening -->\n                <a href=\"#\" class=\"ekit_global_links\">\n                <!-- end link opening -->\n\n        <div class=\"elementskit-infobox text-left text- icon-lef-right-aligin elementor-animation-   \">\n                        <div class=\"box-body\">\n                            <h5 class=\"elementskit-info-box-title\">\n                    Misyon                <\/h5>\n                        \t\t  <p>M\u00fc\u015fterilerimizin ihtiya\u00e7lar\u0131na y\u00f6nelik, y\u00fcksek kaliteli teknik ekipman kiralama ve prod\u00fcksiyon hizmetleri sunarak, etkin ve kal\u0131c\u0131 \u00e7\u00f6z\u00fcmler geli\u015ftirmek. G\u00fcvenilir, d\u00fcr\u00fcst ve profesyonel bir \u00e7al\u0131\u015fma anlay\u0131\u015f\u0131yla, her projede m\u00fc\u015fteri hedeflerini kendi hedefimiz olarak benimsemek ve ba\u015far\u0131ya ula\u015fmalar\u0131n\u0131 sa\u011flamak.<\/p>\n                                <\/div>\n        \n        \n                <\/div>\n                <\/a>\n        <\/div>\t\t<\/div>\n\t\t\t\t<\/div>\n\t\t\t\t<\/div>\n\t\t\t\t<\/div>\n\t\t\t\t\t<\/div>\n\t\t\t\t<\/div>\n\t\t<div class=\"elementor-element elementor-element-596e463 e-flex e-con-boxed e-con e-parent\" data-id=\"596e463\" data-element_type=\"container\" data-settings=\"{&quot;background_background&quot;:&quot;classic&quot;}\">\n\t\t\t\t\t<div class=\"e-con-inner\">\n\t\t\t\t<div class=\"elementor-element elementor-element-28fa40b animated-fast ekit-equal-height-disable elementor-invisible elementor-widget elementor-widget-elementskit-icon-box\" data-id=\"28fa40b\" data-element_type=\"widget\" data-settings=\"{&quot;_animation&quot;:&quot;fadeInUp&quot;,&quot;_animation_delay&quot;:100,&quot;ekit_we_effect_on&quot;:&quot;none&quot;}\" data-widget_type=\"elementskit-icon-box.default\">\n\t\t\t\t<div class=\"elementor-widget-container\">\n\t\t\t<div class=\"ekit-wid-con\" >        <!-- link opening -->\n                <a href=\"#\" class=\"ekit_global_links\">\n                <!-- end link opening -->\n\n        <div class=\"elementskit-infobox text-left text- icon-lef-right-aligin elementor-animation-   \">\n                        <div class=\"box-body\">\n                            <h5 class=\"elementskit-info-box-title\">\n                    Kalite Politikas\u0131                <\/h5>\n                        \t\t  <p>\u0130nCH \u0130leti\u015fim, t\u00fcm hizmet s\u00fcre\u00e7lerinde en y\u00fcksek kalite standartlar\u0131n\u0131 hedeflemektedir. Bu ama\u00e7la:\n<br>\n<br>M\u00fc\u015fteri beklentilerini a\u015fmay\u0131,\n<br>S\u00fcrekli geli\u015fimi ve yenilik\u00e7ili\u011fi benimsemeyi,\n<br>Profesyonel ve deneyimli bir kadro ile \u00e7al\u0131\u015fmay\u0131,\n<br>G\u00fcvenilir ve etik i\u015f yapma prensiplerine sad\u0131k kalmay\u0131,\n<br>Teknolojinin en son imkanlar\u0131n\u0131 kullanarak estetik ve etkili \u00e7\u00f6z\u00fcmler sunmay\u0131 taahh\u00fct ediyoruz.\n<br>\n<br>\nM\u00fc\u015fterilerimize sundu\u011fumuz her hizmette \u00f6zen g\u00f6stererek, profesyonellik ve kaliteyi \u00f6n planda tutuyoruz. Projelerinizi bize b\u0131rak\u0131n, siz de s\u00fcrecin keyfini \u00e7\u0131kar\u0131n.<\/p>\n                                <\/div>\n        \n        \n                <\/div>\n                <\/a>\n        <\/div>\t\t<\/div>\n\t\t\t\t<\/div>\n\t\t\t\t\t<\/div>\n\t\t\t\t<\/div>\n\t\t\t\t<\/div>\n\t\t","protected":false},"excerpt":{"rendered":"<p>Hakk\u0131m\u0131zda Teknolojinin ilerlemesiyle birlikte h\u0131zla geli\u015fen g\u00f6r\u00fcnt\u00fc sistemleri i\u00e7in profesyonel\u00a0Led Ekran, Led Wall, Poster Led Kiralama\u00a0hizmeti veriyoruz. Home INCH ileti\u015fim 2005 Y\u0131l\u0131nda Sizlere daha iyi, daha farkl\u0131, daha kaliteli hizmetler sunmak i\u00e7in Hasan DA\u011eLI \u00f6nderli\u011finde bir araya geldik. \u00a0 Teknik Ekipman kiralama ve teknik prod\u00fcksiyona ihtiya\u00e7 duyaca\u011f\u0131n\u0131z t\u00fcm organizasyonlarda tek elden \u00e7\u00f6z\u00fcm sunma gayesi ile [&hellip;]<\/p>\n","protected":false},"author":1,"featured_media":0,"parent":0,"menu_order":0,"comment_status":"closed","ping_status":"closed","template":"","meta":{"footnotes":""},"class_list":["post-23454","page","type-page","status-publish","hentry"],"_links":{"self":[{"href":"https:\/\/ledekrankiralama.com\/index.php\/wp-json\/wp\/v2\/pages\/23454","targetHints":{"allow":["GET"]}}],"collection":[{"href":"https:\/\/ledekrankiralama.com\/index.php\/wp-json\/wp\/v2\/pages"}],"about":[{"href":"https:\/\/ledekrankiralama.com\/index.php\/wp-json\/wp\/v2\/types\/page"}],"author":[{"embeddable":true,"href":"https:\/\/ledekrankiralama.com\/index.php\/wp-json\/wp\/v2\/users\/1"}],"replies":[{"embeddable":true,"href":"https:\/\/ledekrankiralama.com\/index.php\/wp-json\/wp\/v2\/comments?post=23454"}],"version-history":[{"count":0,"href":"https:\/\/ledekrankiralama.com\/index.php\/wp-json\/wp\/v2\/pages\/23454\/revisions"}],"wp:attachment":[{"href":"https:\/\/ledekrankiralama.com\/index.php\/wp-json\/wp\/v2\/media?parent=23454"}],"curies":[{"name":"wp","href":"https:\/\/api.w.org\/{rel}","templated":true}]}}