{"id":23457,"date":"2023-11-23T14:08:59","date_gmt":"2023-11-23T14:08:59","guid":{"rendered":"https:\/\/finpath.keydesign.xyz\/business-consulting\/?page_id=23457"},"modified":"2024-10-17T20:20:42","modified_gmt":"2024-10-17T17:20:42","slug":"iletisim","status":"publish","type":"page","link":"https:\/\/ledekrankiralama.com\/index.php\/iletisim\/","title":{"rendered":"\u0130leti\u015fim"},"content":{"rendered":"\t\t<div data-elementor-type=\"wp-page\" data-elementor-id=\"23457\" class=\"elementor elementor-23457\">\n\t\t\t\t<div class=\"elementor-element elementor-element-b8d9673 e-flex e-con-boxed e-con e-parent\" data-id=\"b8d9673\" data-element_type=\"container\" data-settings=\"{&quot;background_background&quot;:&quot;classic&quot;}\">\n\t\t\t\t\t<div class=\"e-con-inner\">\n\t\t<div class=\"elementor-element elementor-element-b7f87da e-con-full e-flex e-con e-child\" data-id=\"b7f87da\" data-element_type=\"container\">\n\t\t\t\t<div class=\"elementor-element elementor-element-d8828fa animated-fast elementor-invisible elementor-widget elementor-widget-elementskit-heading\" data-id=\"d8828fa\" data-element_type=\"widget\" data-settings=\"{&quot;ekit_we_effect_on&quot;:&quot;css&quot;,&quot;_animation&quot;:&quot;fadeIn&quot;,&quot;_animation_delay&quot;:100}\" data-widget_type=\"elementskit-heading.default\">\n\t\t\t\t<div class=\"elementor-widget-container\">\n\t\t\t<div class=\"ekit-wid-con\" ><div class=\"ekit-heading elementskit-section-title-wraper text_center   ekit_heading_tablet-   ekit_heading_mobile-\"><h1 class=\"ekit-heading--title elementskit-section-title \">\u0130leti\u015fim<\/h1><\/div><\/div>\t\t<\/div>\n\t\t\t\t<\/div>\n\t\t\t\t<div class=\"elementor-element elementor-element-05edfed animated-fast elementor-invisible elementor-widget elementor-widget-elementskit-breadcrumb\" data-id=\"05edfed\" data-element_type=\"widget\" data-settings=\"{&quot;_animation&quot;:&quot;fadeIn&quot;,&quot;_animation_delay&quot;:100,&quot;ekit_we_effect_on&quot;:&quot;none&quot;}\" data-widget_type=\"elementskit-breadcrumb.default\">\n\t\t\t\t<div class=\"elementor-widget-container\">\n\t\t\t<div class=\"ekit-wid-con\" ><ol class=\"ekit-breadcrumb\"><li class=\"ekit_breadcrumbs_start\"><a href=\"https:\/\/ledekrankiralama.com\">Home<\/a><\/li><\/ol><\/div>\t\t<\/div>\n\t\t\t\t<\/div>\n\t\t\t\t<\/div>\n\t\t\t\t\t<\/div>\n\t\t\t\t<\/div>\n\t\t<div class=\"elementor-element elementor-element-1f34a56 e-flex e-con-boxed e-con e-parent\" data-id=\"1f34a56\" data-element_type=\"container\" data-settings=\"{&quot;background_background&quot;:&quot;gradient&quot;}\">\n\t\t\t\t\t<div class=\"e-con-inner\">\n\t\t<div class=\"elementor-element elementor-element-e03fd0a e-con-full e-flex e-con e-child\" data-id=\"e03fd0a\" data-element_type=\"container\">\n\t\t<div class=\"elementor-element elementor-element-2044352 e-con-full e-flex e-con e-child\" data-id=\"2044352\" data-element_type=\"container\" data-settings=\"{&quot;background_background&quot;:&quot;gradient&quot;}\">\n\t\t<div class=\"elementor-element elementor-element-da92aed e-con-full e-flex e-con e-child\" data-id=\"da92aed\" data-element_type=\"container\">\n\t\t<div class=\"elementor-element elementor-element-66fea53 e-con-full animated-fast e-flex elementor-invisible e-con e-child\" data-id=\"66fea53\" data-element_type=\"container\" data-settings=\"{&quot;background_background&quot;:&quot;classic&quot;,&quot;animation&quot;:&quot;fadeInUp&quot;,&quot;animation_delay&quot;:100}\">\n\t\t<div class=\"elementor-element elementor-element-8ee8d46 e-con-full e-flex e-con e-child\" data-id=\"8ee8d46\" data-element_type=\"container\" data-settings=\"{&quot;background_background&quot;:&quot;classic&quot;}\">\n\t\t\t\t<div class=\"elementor-element elementor-element-b28000b animated-fast elementor-invisible elementor-widget elementor-widget-elementskit-heading\" data-id=\"b28000b\" data-element_type=\"widget\" data-settings=\"{&quot;_animation&quot;:&quot;fadeIn&quot;,&quot;ekit_we_effect_on&quot;:&quot;css&quot;,&quot;_animation_delay&quot;:200}\" data-widget_type=\"elementskit-heading.default\">\n\t\t\t\t<div class=\"elementor-widget-container\">\n\t\t\t<div class=\"ekit-wid-con\" ><div class=\"ekit-heading elementskit-section-title-wraper text_left   ekit_heading_tablet-   ekit_heading_mobile-\"><h2 class=\"ekit-heading--title elementskit-section-title \">Size Nas\u0131l Yard\u0131mc\u0131 Olabiliriz?<\/h2>\t\t\t\t<div class='ekit-heading__description'>\n\t\t\t\t\t<p>Let Ekran, Led Wall, Poster Led Kiralama hizmetlerimiz ile ilgili teklif almak i\u00e7in ileti\u015fime ge\u00e7iniz.<\/p>\n\t\t\t\t<\/div>\n\t\t\t<\/div><\/div>\t\t<\/div>\n\t\t\t\t<\/div>\n\t\t\t\t<div class=\"elementor-element elementor-element-7f20bc8 animated-fast elementor-invisible elementor-widget elementor-widget-elementskit-contact-form7\" data-id=\"7f20bc8\" data-element_type=\"widget\" data-settings=\"{&quot;_animation&quot;:&quot;fadeIn&quot;,&quot;_animation_delay&quot;:300,&quot;ekit_we_effect_on&quot;:&quot;none&quot;}\" data-widget_type=\"elementskit-contact-form7.default\">\n\t\t\t\t<div class=\"elementor-widget-container\">\n\t\t\t<div class=\"ekit-wid-con\" ><div class=\"ekit-form\">\n<div class=\"wpcf7 no-js\" id=\"wpcf7-f5-o1\" lang=\"tr-TR\" dir=\"ltr\">\n<div class=\"screen-reader-response\"><p role=\"status\" aria-live=\"polite\" aria-atomic=\"true\"><\/p> <ul><\/ul><\/div>\n<form action=\"\/index.php\/wp-json\/wp\/v2\/pages\/23457#wpcf7-f5-o1\" method=\"post\" class=\"wpcf7-form init\" aria-label=\"\u0130leti\u015fim Formu\" novalidate=\"novalidate\" data-status=\"init\">\n<div style=\"display: none;\">\n<input type=\"hidden\" name=\"_wpcf7\" value=\"5\" \/>\n<input type=\"hidden\" name=\"_wpcf7_version\" value=\"5.9.8\" \/>\n<input type=\"hidden\" name=\"_wpcf7_locale\" value=\"tr_TR\" \/>\n<input type=\"hidden\" name=\"_wpcf7_unit_tag\" value=\"wpcf7-f5-o1\" \/>\n<input type=\"hidden\" name=\"_wpcf7_container_post\" value=\"0\" \/>\n<input type=\"hidden\" name=\"_wpcf7_posted_data_hash\" value=\"\" \/>\n<\/div>\n<p><label> \u0130sim Soyisim<br \/>\n<span class=\"wpcf7-form-control-wrap\" data-name=\"your-name\"><input size=\"40\" maxlength=\"400\" class=\"wpcf7-form-control wpcf7-text wpcf7-validates-as-required\" autocomplete=\"name\" aria-required=\"true\" aria-invalid=\"false\" value=\"\" type=\"text\" name=\"your-name\" \/><\/span> <\/label>\n<\/p>\n<p><label> E-posta adresiniz<br \/>\n<span class=\"wpcf7-form-control-wrap\" data-name=\"your-email\"><input size=\"40\" maxlength=\"400\" class=\"wpcf7-form-control wpcf7-email wpcf7-validates-as-required wpcf7-text wpcf7-validates-as-email\" autocomplete=\"email\" aria-required=\"true\" aria-invalid=\"false\" value=\"\" type=\"email\" name=\"your-email\" \/><\/span> <\/label>\n<\/p>\n<p><label> Telefon<br \/>\n<span class=\"wpcf7-form-control-wrap\" data-name=\"tel-208\"><input size=\"40\" maxlength=\"400\" class=\"wpcf7-form-control wpcf7-tel wpcf7-validates-as-required wpcf7-text wpcf7-validates-as-tel\" aria-required=\"true\" aria-invalid=\"false\" value=\"\" type=\"tel\" name=\"tel-208\" \/><\/span> <\/label>\n<\/p>\n<p><label> A\u00e7\u0131klama<br \/>\n<span class=\"wpcf7-form-control-wrap\" data-name=\"your-message\"><textarea cols=\"40\" rows=\"10\" maxlength=\"2000\" class=\"wpcf7-form-control wpcf7-textarea\" aria-invalid=\"false\" name=\"your-message\"><\/textarea><\/span> <\/label>\n<\/p>\n<p><input class=\"wpcf7-form-control wpcf7-submit has-spinner\" type=\"submit\" value=\"G\u00f6nder\" \/>\n<\/p><div class=\"wpcf7-response-output\" aria-hidden=\"true\"><\/div>\n<\/form>\n<\/div>\n<\/div><\/div>\t\t<\/div>\n\t\t\t\t<\/div>\n\t\t\t\t<\/div>\n\t\t<div class=\"elementor-element elementor-element-3fad01e e-con-full animated-fast e-flex elementor-invisible e-con e-child\" data-id=\"3fad01e\" data-element_type=\"container\" data-settings=\"{&quot;background_background&quot;:&quot;classic&quot;,&quot;animation&quot;:&quot;fadeIn&quot;,&quot;animation_delay&quot;:200}\">\n\t\t\t\t<div class=\"elementor-element elementor-element-15f3daa elementor-widget elementor-widget-heading\" data-id=\"15f3daa\" data-element_type=\"widget\" data-settings=\"{&quot;ekit_we_effect_on&quot;:&quot;none&quot;}\" data-widget_type=\"heading.default\">\n\t\t\t\t<div class=\"elementor-widget-container\">\n\t\t\t<h4 class=\"elementor-heading-title elementor-size-default\">Konser, Fuar, Lansman, Defile, Tv Showlar\u0131 ve Kurumsal Organizasyonlar<\/h4>\t\t<\/div>\n\t\t\t\t<\/div>\n\t\t<div class=\"elementor-element elementor-element-61b8f09 e-con-full e-flex e-con e-child\" data-id=\"61b8f09\" data-element_type=\"container\">\n\t\t\t\t<div class=\"elementor-element elementor-element-deb4375 elementor-widget elementor-widget-elementskit-heading\" data-id=\"deb4375\" data-element_type=\"widget\" data-settings=\"{&quot;ekit_we_effect_on&quot;:&quot;none&quot;}\" data-widget_type=\"elementskit-heading.default\">\n\t\t\t\t<div class=\"elementor-widget-container\">\n\t\t\t<div class=\"ekit-wid-con\" ><div class=\"ekit-heading elementskit-section-title-wraper text_left   ekit_heading_tablet-   ekit_heading_mobile-\"><h6 class=\"ekit-heading--title elementskit-section-title \">Led Ekran Kiralama<\/h6>\t\t\t\t<div class='ekit-heading__description'>\n\t\t\t\t\t<p>INCH Ileti\u015fim<\/p>\n\t\t\t\t<\/div>\n\t\t\t<\/div><\/div>\t\t<\/div>\n\t\t\t\t<\/div>\n\t\t\t\t<div class=\"elementor-element elementor-element-5ad61bc elementor-widget elementor-widget-image\" data-id=\"5ad61bc\" data-element_type=\"widget\" data-settings=\"{&quot;ekit_we_effect_on&quot;:&quot;none&quot;}\" data-widget_type=\"image.default\">\n\t\t\t\t<div class=\"elementor-widget-container\">\n\t\t\t\t\t\t\t\t\t\t\t\t\t<img fetchpriority=\"high\" decoding=\"async\" width=\"1024\" height=\"294\" src=\"https:\/\/ledekrankiralama.com\/wp-content\/uploads\/2023\/11\/logo-1-1024x294.png\" class=\"attachment-large size-large wp-image-24371\" alt=\"\" srcset=\"https:\/\/ledekrankiralama.com\/wp-content\/uploads\/2023\/11\/logo-1-1024x294.png 1024w, https:\/\/ledekrankiralama.com\/wp-content\/uploads\/2023\/11\/logo-1-300x86.png 300w, https:\/\/ledekrankiralama.com\/wp-content\/uploads\/2023\/11\/logo-1-768x220.png 768w, https:\/\/ledekrankiralama.com\/wp-content\/uploads\/2023\/11\/logo-1-1536x441.png 1536w, https:\/\/ledekrankiralama.com\/wp-content\/uploads\/2023\/11\/logo-1-710x204.png 710w, https:\/\/ledekrankiralama.com\/wp-content\/uploads\/2023\/11\/logo-1.png 1798w\" sizes=\"(max-width: 1024px) 100vw, 1024px\" \/>\t\t\t\t\t\t\t\t\t\t\t\t\t<\/div>\n\t\t\t\t<\/div>\n\t\t\t\t<\/div>\n\t\t\t\t<\/div>\n\t\t\t\t<\/div>\n\t\t\t\t<\/div>\n\t\t\t\t<\/div>\n\t\t\t\t<\/div>\n\t\t\t\t\t<\/div>\n\t\t\t\t<\/div>\n\t\t<div class=\"elementor-element elementor-element-e7e2a63 e-con-full e-flex e-con e-parent\" data-id=\"e7e2a63\" data-element_type=\"container\" data-settings=\"{&quot;background_background&quot;:&quot;classic&quot;}\">\n\t\t<div class=\"elementor-element elementor-element-0527ba9 e-con-full e-flex e-con e-child\" data-id=\"0527ba9\" data-element_type=\"container\" data-settings=\"{&quot;background_background&quot;:&quot;classic&quot;}\">\n\t\t\t\t<div class=\"elementor-element elementor-element-8a74105 elementor-widget elementor-widget-text-editor\" data-id=\"8a74105\" data-element_type=\"widget\" data-settings=\"{&quot;ekit_we_effect_on&quot;:&quot;none&quot;}\" data-widget_type=\"text-editor.default\">\n\t\t\t\t<div class=\"elementor-widget-container\">\n\t\t\t\t\t\t\t<iframe style=\"border: 0;\" src=\"https:\/\/www.google.com\/maps\/embed?pb=!1m18!1m12!1m3!1d669.2234158165705!2d29.000451278834362!3d41.07172608083723!2m3!1f0!2f0!3f0!3m2!1i1024!2i768!4f13.1!3m3!1m2!1s0x14cab657f4d712cb%3A0x4e41c6554602a1c7!2sINCH%20TECHNICAL%20PRODUCTION!5e0!3m2!1str!2str!4v1728140525447!5m2!1str!2str\" width=\"100%\" height=\"700\" allowfullscreen=\"allowfullscreen\"><\/iframe>\t\t\t\t\t\t<\/div>\n\t\t\t\t<\/div>\n\t\t\t\t<\/div>\n\t\t<div class=\"elementor-element elementor-element-598c22b e-con-full absolute-container-right e-flex e-con e-child\" data-id=\"598c22b\" data-element_type=\"container\" data-settings=\"{&quot;background_background&quot;:&quot;classic&quot;}\">\n\t\t\t\t<div class=\"elementor-element elementor-element-e44db77 animated-fast elementor-invisible elementor-widget elementor-widget-elementskit-heading\" data-id=\"e44db77\" data-element_type=\"widget\" data-settings=\"{&quot;_animation&quot;:&quot;fadeIn&quot;,&quot;ekit_we_effect_on&quot;:&quot;none&quot;}\" data-widget_type=\"elementskit-heading.default\">\n\t\t\t\t<div class=\"elementor-widget-container\">\n\t\t\t<div class=\"ekit-wid-con\" ><div class=\"ekit-heading elementskit-section-title-wraper text_left   ekit_heading_tablet-   ekit_heading_mobile-\"><h4 class=\"ekit-heading--title elementskit-section-title \">Adres Bilgileri<\/h4><\/div><\/div>\t\t<\/div>\n\t\t\t\t<\/div>\n\t\t\t\t<div class=\"elementor-element elementor-element-f0bb989 animated-fast elementor-invisible elementor-widget elementor-widget-text-editor\" data-id=\"f0bb989\" data-element_type=\"widget\" data-settings=\"{&quot;_animation&quot;:&quot;fadeIn&quot;,&quot;_animation_delay&quot;:100,&quot;ekit_we_effect_on&quot;:&quot;none&quot;}\" data-widget_type=\"text-editor.default\">\n\t\t\t\t<div class=\"elementor-widget-container\">\n\t\t\t\t\t\t\t<p style=\"line-height: 2; font-size: var(--keydesign-h6-font-size);\"><strong>Address:<\/strong> G\u00fclbahar, Mecidiyek\u00f6y, Cemal Sururi Sk. No: 16\/1, \u015ei\u015fli\/\u0130stanbul<br \/><strong>Phone:<\/strong> <a href=\"tel:+905322802443\">+90 532 280 24 43<\/a><br \/><strong>Email: <\/strong><a href=\"mailto:info@ledekrankiralama.com\">info@ledekrankiralama.com<\/a><\/p>\t\t\t\t\t\t<\/div>\n\t\t\t\t<\/div>\n\t\t\t\t<div class=\"elementor-element elementor-element-2c769a7 animated-fast elementor-invisible elementor-widget elementor-widget-elementskit-heading\" data-id=\"2c769a7\" data-element_type=\"widget\" data-settings=\"{&quot;_animation&quot;:&quot;fadeIn&quot;,&quot;_animation_delay&quot;:200,&quot;ekit_we_effect_on&quot;:&quot;none&quot;}\" data-widget_type=\"elementskit-heading.default\">\n\t\t\t\t<div class=\"elementor-widget-container\">\n\t\t\t<div class=\"ekit-wid-con\" ><div class=\"ekit-heading elementskit-section-title-wraper text_left   ekit_heading_tablet-   ekit_heading_mobile-\"><h4 class=\"ekit-heading--title elementskit-section-title \">\u00c7al\u0131\u015fma Saatleri<\/h4><\/div><\/div>\t\t<\/div>\n\t\t\t\t<\/div>\n\t\t\t\t<div class=\"elementor-element elementor-element-db0d320 animated-fast elementor-invisible elementor-widget elementor-widget-elementskit-business-hours\" data-id=\"db0d320\" data-element_type=\"widget\" data-settings=\"{&quot;_animation&quot;:&quot;fadeIn&quot;,&quot;_animation_delay&quot;:200,&quot;ekit_we_effect_on&quot;:&quot;none&quot;}\" data-widget_type=\"elementskit-business-hours.default\">\n\t\t\t\t<div class=\"elementor-widget-container\">\n\t\t\t<div class=\"ekit-wid-con\" >\t\t<div class=\"ekit-business-hours-inner\">\n\t\t\t\t\t\t<div class=\"ekit-single-day elementor-repeater-item-e2cf06f \">\n\t\t\t\t\t\t\t\t<span class=\"ekit-business-day\">Pazartesi - Cuma:<\/span>\n\t\t\t\t\t\t\t\t<span class=\"ekit-business-time\">08:30 - 18:00<\/span>\n\t\t\t\t\t\t\t<\/div>\n\t\t\t\t\t\t<div class=\"ekit-single-day elementor-repeater-item-47b4164 \">\n\t\t\t\t\t\t\t\t<span class=\"ekit-business-day\">Saturday<\/span>\n\t\t\t\t\t\t\t\t<span class=\"ekit-business-time\">09:00 - 17:00<\/span>\n\t\t\t\t\t\t\t<\/div>\n\t\t\t\t\t\t<div class=\"ekit-single-day elementor-repeater-item-3cfee13 \">\n\t\t\t\t\t\t\t\t<span class=\"ekit-business-day\">Pazar<\/span>\n\t\t\t\t\t\t\t\t<span class=\"ekit-business-time\">09:00 - 17:00<\/span>\n\t\t\t\t\t\t\t<\/div>\n\t\t\t\t\t<\/div>\n        <\/div>\t\t<\/div>\n\t\t\t\t<\/div>\n\t\t\t\t<\/div>\n\t\t\t\t<\/div>\n\t\t\t\t<\/div>\n\t\t","protected":false},"excerpt":{"rendered":"<p>\u0130leti\u015fim Home Size Nas\u0131l Yard\u0131mc\u0131 Olabiliriz? Let Ekran, Led Wall, Poster Led Kiralama hizmetlerimiz ile ilgili teklif almak i\u00e7in ileti\u015fime ge\u00e7iniz. Ad\u0131n\u0131z E-posta adresiniz Konu \u0130letiniz (tercihe ba\u011fl\u0131) Konser, Fuar, Lansman, Defile, Tv Showlar\u0131 ve Kurumsal Organizasyonlar Led Ekran Kiralama INCH Ileti\u015fim Adres Bilgileri Address: G\u00fclbahar, Mecidiyek\u00f6y, Cemal Sururi Sk. No: 16\/1, \u015ei\u015fli\/\u0130stanbulPhone: +90 532 [&hellip;]<\/p>\n","protected":false},"author":1,"featured_media":0,"parent":0,"menu_order":0,"comment_status":"closed","ping_status":"closed","template":"","meta":{"footnotes":""},"class_list":["post-23457","page","type-page","status-publish","hentry"],"_links":{"self":[{"href":"https:\/\/ledekrankiralama.com\/index.php\/wp-json\/wp\/v2\/pages\/23457","targetHints":{"allow":["GET"]}}],"collection":[{"href":"https:\/\/ledekrankiralama.com\/index.php\/wp-json\/wp\/v2\/pages"}],"about":[{"href":"https:\/\/ledekrankiralama.com\/index.php\/wp-json\/wp\/v2\/types\/page"}],"author":[{"embeddable":true,"href":"https:\/\/ledekrankiralama.com\/index.php\/wp-json\/wp\/v2\/users\/1"}],"replies":[{"embeddable":true,"href":"https:\/\/ledekrankiralama.com\/index.php\/wp-json\/wp\/v2\/comments?post=23457"}],"version-history":[{"count":3,"href":"https:\/\/ledekrankiralama.com\/index.php\/wp-json\/wp\/v2\/pages\/23457\/revisions"}],"predecessor-version":[{"id":24701,"href":"https:\/\/ledekrankiralama.com\/index.php\/wp-json\/wp\/v2\/pages\/23457\/revisions\/24701"}],"wp:attachment":[{"href":"https:\/\/ledekrankiralama.com\/index.php\/wp-json\/wp\/v2\/media?parent=23457"}],"curies":[{"name":"wp","href":"https:\/\/api.w.org\/{rel}","templated":true}]}}