{"id":770,"date":"2023-11-19T10:37:21","date_gmt":"2023-11-19T10:37:21","guid":{"rendered":"https:\/\/finpath.keydesign.xyz\/business-consulting\/?page_id=770"},"modified":"2025-10-20T17:49:25","modified_gmt":"2025-10-20T14:49:25","slug":"blog","status":"publish","type":"page","link":"https:\/\/ledekrankiralama.com\/index.php\/blog\/","title":{"rendered":"Blog"},"content":{"rendered":"\t\t<div data-elementor-type=\"wp-page\" data-elementor-id=\"770\" class=\"elementor elementor-770\">\n\t\t\t\t<div class=\"elementor-element elementor-element-eb0b829 e-flex e-con-boxed e-con e-parent\" data-id=\"eb0b829\" data-element_type=\"container\">\n\t\t\t\t\t<div class=\"e-con-inner\">\n\t\t\t\t<div class=\"elementor-element elementor-element-84eae99 elementor-widget elementor-widget-elementskit-blog-posts\" data-id=\"84eae99\" data-element_type=\"widget\" data-settings=\"{&quot;ekit_we_effect_on&quot;:&quot;none&quot;}\" data-widget_type=\"elementskit-blog-posts.default\">\n\t\t\t\t<div class=\"elementor-widget-container\">\n\t\t\t<div class=\"ekit-wid-con\" >\n        <div id=\"post-items--84eae99\" class=\"row post-items ekit-blog-posts-content wihout-masonry \" data-enable=\"no\">\n\n\t\t\t<!-- Blog Carousel markup render -->\n\t\t\t\n\n            <div class=\"col-md-12\">\n\n                                    <div class=\"elementskit-blog-block-post\">\n                        <div class=\"row no-gutters\">\n                            \n                            <div class=\"col-md-12 order-2\">\n                                <div class=\"elementskit-post-body \">\n                                    <div class=\"elementskit-entry-header\">\n                                        \n                                                                                                                                                                        \n                                            \n                                            \t\t\t\t\t\t\t\t\t\t\t\t                <h2 class=\"entry-title\">\n                    <a href=\"https:\/\/ledekrankiralama.com\/index.php\/2025\/10\/20\/p2-vs-p3-vs-p4-led-ekran-farklari\/\">\n                            P2 vs P3 vs P4 LED Ekran Farklar\u0131                    <\/a>\n                <\/h2>\n                                                                                                <\/div><!-- .elementskit-entry-header END -->\n\n                                                                            <div class=\"elementskit-post-footer\">\n                                                                                            <p>LED ekran se\u00e7erken en \u00e7ok kafa kar\u0131\u015ft\u0131ran konulardan biri P2, P3, P4 fark\u0131d\u0131r. \u0130\u015fte bu modellerin temel farklar\u0131 ve hangi durumda hangisini se\u00e7meniz gerekti\u011fi: Sonu\u00e7 olarak, alan b\u00fcy\u00fckl\u00fc\u011f\u00fc ve izleme mesafesine g\u00f6re en uygun \u00e7\u00f6z\u00fcn\u00fcrl\u00fck se\u00e7ilmelidir. Gere\u011finden y\u00fcksek \u00e7\u00f6z\u00fcn\u00fcrl\u00fckl\u00fc ekran se\u00e7mek maliyeti art\u0131r\u0131rken, gere\u011finden d\u00fc\u015f\u00fck \u00e7\u00f6z\u00fcn\u00fcrl\u00fck se\u00e7mek g\u00f6r\u00fcnt\u00fc kalitesini d\u00fc\u015f\u00fcr\u00fcr.<\/p>\n                                                                                                                                <\/div><!-- .elementskit-post-footer END -->\n                                                                    <\/div><!-- .elementskit-post-body END -->\n                            <\/div>\n                        <\/div>\n                    <\/div><!-- .elementskit-blog-block-post .radius .gradient-bg END -->\n                \n            <\/div>\t\t\t\t\n\n            <div class=\"col-md-12\">\n\n                                    <div class=\"elementskit-blog-block-post\">\n                        <div class=\"row no-gutters\">\n                            \n                            <div class=\"col-md-12 order-2\">\n                                <div class=\"elementskit-post-body \">\n                                    <div class=\"elementskit-entry-header\">\n                                        \n                                                                                                                                                                        \n                                            \n                                            \t\t\t\t\t\t\t\t\t\t\t\t                <h2 class=\"entry-title\">\n                    <a href=\"https:\/\/ledekrankiralama.com\/index.php\/2025\/10\/20\/led-ekran-kiralama-maliyeti-neye-gore-belirlenir\/\">\n                            LED Ekran Kiralama Maliyeti Neye G\u00f6re Belirlenir?                    <\/a>\n                <\/h2>\n                                                                                                <\/div><!-- .elementskit-entry-header END -->\n\n                                                                            <div class=\"elementskit-post-footer\">\n                                                                                            <p>LED ekran kiralama fiyatlar\u0131 sabit de\u011fildir; bir\u00e7ok etkene g\u00f6re de\u011fi\u015fiklik g\u00f6sterebilir. \u0130\u015fte maliyeti etkileyen temel fakt\u00f6rler: 1.\u2060 \u2060Ekran Tipi ve \u00c7\u00f6z\u00fcn\u00fcrl\u00fck P2, P3, P4 gibi piksel aral\u0131\u011f\u0131 d\u00fc\u015ft\u00fck\u00e7e ekran\u0131n g\u00f6r\u00fcnt\u00fc kalitesi artar, ancak maliyeti de y\u00fckselir.\u00d6rne\u011fin; P2 ekran kiralama, P4 ekrana g\u00f6re %30-40 daha pahal\u0131 olabilir. 2.\u2060 \u2060Ekran Boyutu Kiralama bedeli genellikle metrekare (m\u00b2) \u00fczerinden [&hellip;] <\/p>\n                                                                                                                                <\/div><!-- .elementskit-post-footer END -->\n                                                                    <\/div><!-- .elementskit-post-body END -->\n                            <\/div>\n                        <\/div>\n                    <\/div><!-- .elementskit-blog-block-post .radius .gradient-bg END -->\n                \n            <\/div>\t\t\t\t\n\n            <div class=\"col-md-12\">\n\n                                    <div class=\"elementskit-blog-block-post\">\n                        <div class=\"row no-gutters\">\n                            \n                            <div class=\"col-md-12 order-2\">\n                                <div class=\"elementskit-post-body \">\n                                    <div class=\"elementskit-entry-header\">\n                                        \n                                                                                                                                                                        \n                                            \n                                            \t\t\t\t\t\t\t\t\t\t\t\t                <h2 class=\"entry-title\">\n                    <a href=\"https:\/\/ledekrankiralama.com\/index.php\/2025\/10\/20\/konser-icin-en-uygun-led-ekran-secimi-nasil-olmali\/\">\n                            Konser \u0130\u00e7in En Uygun LED Ekran Se\u00e7imi Nas\u0131l Olmal\u0131?                    <\/a>\n                <\/h2>\n                                                                                                <\/div><!-- .elementskit-entry-header END -->\n\n                                                                            <div class=\"elementskit-post-footer\">\n                                                                                            <p>Konser organizasyonlar\u0131nda sahne deneyimini g\u00fc\u00e7lendiren en \u00f6nemli unsurlardan biri LED ekranlard\u0131r. G\u00f6rsel etki, izleyicinin sahnedeki performans\u0131 her a\u00e7\u0131dan net g\u00f6rebilmesini sa\u011flar. Ancak her konser i\u00e7in ayn\u0131 ekran tipi uygun de\u011fildir. Peki do\u011fru LED ekran nas\u0131l se\u00e7ilir? 1.\u2060 \u2060Ekran \u00c7\u00f6z\u00fcn\u00fcrl\u00fc\u011f\u00fc (P De\u011feri) \u201cP\u201d de\u011feri, LED panellerdeki piksel aral\u0131\u011f\u0131n\u0131 ifade eder.\u2022 P2 ve P3 ekranlar y\u00fcksek \u00e7\u00f6z\u00fcn\u00fcrl\u00fckleriyle [&hellip;] <\/p>\n                                                                                                                                <\/div><!-- .elementskit-post-footer END -->\n                                                                    <\/div><!-- .elementskit-post-body END -->\n                            <\/div>\n                        <\/div>\n                    <\/div><!-- .elementskit-blog-block-post .radius .gradient-bg END -->\n                \n            <\/div>\t\t\t\t\n\n            <div class=\"col-md-12\">\n\n                                    <div class=\"elementskit-blog-block-post\">\n                        <div class=\"row no-gutters\">\n                                                            <div class=\"col-md-6 order-1\">\n                                    <a href=\"https:\/\/ledekrankiralama.com\/index.php\/2023\/08\/21\/led-ekran-nedir-nerelerde-kullanilir\/\" class=\"elementskit-entry-thumb\">\n                                        <img decoding=\"async\" src=\"https:\/\/ledekrankiralama.com\/wp-content\/uploads\/2024\/10\/ledekrannedir-1.jpg\" alt=\"LED Ekran Nedir? Nerelerde Kullan\u0131l\u0131r?\">\n                                    <\/a><!-- .elementskit-entry-thumb END -->\n                                <\/div>\n                            \n                            <div class=\"col-md-6 order-2\">\n                                <div class=\"elementskit-post-body \">\n                                    <div class=\"elementskit-entry-header\">\n                                        \n                                                                                                                                                                        \n                                            \n                                            \t\t\t\t\t\t\t\t\t\t\t\t                <h2 class=\"entry-title\">\n                    <a href=\"https:\/\/ledekrankiralama.com\/index.php\/2023\/08\/21\/led-ekran-nedir-nerelerde-kullanilir\/\">\n                            LED Ekran Nedir? Nerelerde Kullan\u0131l\u0131r?                    <\/a>\n                <\/h2>\n                                                                                                <\/div><!-- .elementskit-entry-header END -->\n\n                                                                            <div class=\"elementskit-post-footer\">\n                                                                                            <p>LED ekran, \u201cLight Emitting Diode\u201d yani I\u015f\u0131k Yayan Diyot teknolojisi kullan\u0131larak \u00fcretilen bir ekran t\u00fcr\u00fcd\u00fcr. Bu ekranlar, \u00e7ok say\u0131da k\u00fc\u00e7\u00fck LED mod\u00fcl\u00fcnden olu\u015fur ve her bir mod\u00fcl, g\u00f6r\u00fcnt\u00fc olu\u015fturmak i\u00e7in belirli bir renk kombinasyonu kullan\u0131r. <\/p>\n                                                                                                                                <\/div><!-- .elementskit-post-footer END -->\n                                                                    <\/div><!-- .elementskit-post-body END -->\n                            <\/div>\n                        <\/div>\n                    <\/div><!-- .elementskit-blog-block-post .radius .gradient-bg END -->\n                \n            <\/div>\t\t\t\t        <\/div>\n        \n        \n        <\/div>\t\t<\/div>\n\t\t\t\t<\/div>\n\t\t\t\t\t<\/div>\n\t\t\t\t<\/div>\n\t\t\t\t<\/div>\n\t\t","protected":false},"excerpt":{"rendered":"<p>P2 vs P3 vs P4 LED Ekran Farklar\u0131 LED ekran se\u00e7erken en \u00e7ok kafa kar\u0131\u015ft\u0131ran konulardan biri P2, P3, P4 fark\u0131d\u0131r. \u0130\u015fte bu modellerin temel farklar\u0131 ve hangi durumda hangisini se\u00e7meniz gerekti\u011fi: Sonu\u00e7 olarak, alan b\u00fcy\u00fckl\u00fc\u011f\u00fc ve izleme mesafesine g\u00f6re en uygun \u00e7\u00f6z\u00fcn\u00fcrl\u00fck se\u00e7ilmelidir. Gere\u011finden y\u00fcksek \u00e7\u00f6z\u00fcn\u00fcrl\u00fckl\u00fc ekran se\u00e7mek maliyeti art\u0131r\u0131rken, gere\u011finden d\u00fc\u015f\u00fck \u00e7\u00f6z\u00fcn\u00fcrl\u00fck se\u00e7mek [&hellip;] <\/p>\n","protected":false},"author":1,"featured_media":0,"parent":0,"menu_order":0,"comment_status":"closed","ping_status":"closed","template":"","meta":{"footnotes":""},"class_list":["post-770","page","type-page","status-publish","hentry"],"_links":{"self":[{"href":"https:\/\/ledekrankiralama.com\/index.php\/wp-json\/wp\/v2\/pages\/770","targetHints":{"allow":["GET"]}}],"collection":[{"href":"https:\/\/ledekrankiralama.com\/index.php\/wp-json\/wp\/v2\/pages"}],"about":[{"href":"https:\/\/ledekrankiralama.com\/index.php\/wp-json\/wp\/v2\/types\/page"}],"author":[{"embeddable":true,"href":"https:\/\/ledekrankiralama.com\/index.php\/wp-json\/wp\/v2\/users\/1"}],"replies":[{"embeddable":true,"href":"https:\/\/ledekrankiralama.com\/index.php\/wp-json\/wp\/v2\/comments?post=770"}],"version-history":[{"count":3,"href":"https:\/\/ledekrankiralama.com\/index.php\/wp-json\/wp\/v2\/pages\/770\/revisions"}],"predecessor-version":[{"id":24724,"href":"https:\/\/ledekrankiralama.com\/index.php\/wp-json\/wp\/v2\/pages\/770\/revisions\/24724"}],"wp:attachment":[{"href":"https:\/\/ledekrankiralama.com\/index.php\/wp-json\/wp\/v2\/media?parent=770"}],"curies":[{"name":"wp","href":"https:\/\/api.w.org\/{rel}","templated":true}]}}